{"id":4818,"date":"2025-11-07T13:43:04","date_gmt":"2025-11-07T13:43:04","guid":{"rendered":"https:\/\/acss.se\/inredning\/?page_id=4818"},"modified":"2025-11-24T19:42:53","modified_gmt":"2025-11-24T19:42:53","slug":"acss-omkladningsbas","status":"publish","type":"page","link":"https:\/\/acss.se\/inredning\/acss-omkladningsbas\/","title":{"rendered":"ACSS OMKL\u00c4DNINGSB\u00c5S"},"content":{"rendered":"\n<p>ACSS Omkl\u00e4dningsb\u00e5s \u00e4r till f\u00f6r alla publika och offentliga milj\u00f6er, s\u00e5 som skolor, arenor, campingplatser, terminaler, arbetsplatser och kontor. Att installera b\u00e5s med sk\u00e4rmv\u00e4ggar blir allt vanligare d\u00e5 det tar mindre plats och blir billigare \u00e4n att bygga b\u00e5s med fasta v\u00e4ggar.<\/p>\n\n\n\n<p><strong>Vi erbjuder tv\u00e5 system i olika material f\u00f6r olika behov och budget.<br>Klicka dig vidare f\u00f6r mer information om vardera systemet!<\/strong><\/p>\n\n\n\n<div class=\"wp-block-columns is-layout-flex wp-container-core-columns-is-layout-9d6595d7 wp-block-columns-is-layout-flex\">\n<div class=\"wp-block-column is-layout-flow wp-block-column-is-layout-flow\">\n<figure class=\"wp-block-image size-full\"><a href=\"https:\/\/acss.se\/inredning\/omkladningsbas\/\"><img loading=\"lazy\" decoding=\"async\" width=\"810\" height=\"648\" src=\"https:\/\/acss.se\/inredning\/wp-content\/uploads\/Omkladningsbas.jpg\" alt=\"Kategoribild ACSS Omkl\u00e4dningsb\u00e5s i h\u00e4rdat och laminerat glas.\" class=\"wp-image-4298\" srcset=\"https:\/\/acss.se\/inredning\/wp-content\/uploads\/Omkladningsbas.jpg 810w, https:\/\/acss.se\/inredning\/wp-content\/uploads\/Omkladningsbas-300x240.jpg 300w, https:\/\/acss.se\/inredning\/wp-content\/uploads\/Omkladningsbas-768x614.jpg 768w\" sizes=\"auto, (max-width: 810px) 100vw, 810px\" \/><\/a><figcaption class=\"wp-element-caption\"><a href=\"https:\/\/acss.se\/inredning\/omkladningsbas\/\" data-type=\"page\" data-id=\"2055\">Omkl\u00e4dningsb\u00e5s i glas<\/a><\/figcaption><\/figure>\n<\/div>\n\n\n\n<div class=\"wp-block-column is-layout-flow wp-block-column-is-layout-flow\">\n<figure class=\"wp-block-image size-large\"><a href=\"https:\/\/acss.se\/inredning\/omkladningsbas-kompaktlaminat\/\"><img loading=\"lazy\" decoding=\"async\" width=\"1024\" height=\"819\" src=\"https:\/\/acss.se\/inredning\/wp-content\/uploads\/Omkladningsbas-1-1-1024x819.jpg\" alt=\"\" class=\"wp-image-4781\" srcset=\"https:\/\/acss.se\/inredning\/wp-content\/uploads\/Omkladningsbas-1-1-1024x819.jpg 1024w, https:\/\/acss.se\/inredning\/wp-content\/uploads\/Omkladningsbas-1-1-300x240.jpg 300w, https:\/\/acss.se\/inredning\/wp-content\/uploads\/Omkladningsbas-1-1-768x614.jpg 768w, https:\/\/acss.se\/inredning\/wp-content\/uploads\/Omkladningsbas-1-1-1536x1229.jpg 1536w, https:\/\/acss.se\/inredning\/wp-content\/uploads\/Omkladningsbas-1-1-2048x1638.jpg 2048w\" sizes=\"auto, (max-width: 1024px) 100vw, 1024px\" \/><\/a><figcaption class=\"wp-element-caption\"><a href=\"https:\/\/acss.se\/inredning\/omkladningsbas-kompaktlaminat\/\" data-type=\"page\" data-id=\"4779\">Omkl\u00e4dningsb\u00e5s i kompaktlaminat<\/a><\/figcaption><\/figure>\n<\/div>\n<\/div>\n\n\n\n<div class=\"wp-block-columns is-layout-flex wp-container-core-columns-is-layout-9d6595d7 wp-block-columns-is-layout-flex\">\n<div class=\"wp-block-column is-layout-flow wp-block-column-is-layout-flow\">\n<h3 class=\"wp-block-heading\"><a href=\"https:\/\/acss.se\/inredning\/omkladningsbas\/\" data-type=\"page\" data-id=\"2055\">ACSS OMKL\u00c4DNINGSB\u00c5S I GLAS<\/a><\/h3>\n<\/div>\n\n\n\n<div class=\"wp-block-column is-layout-flow wp-block-column-is-layout-flow\">\n<h3 class=\"wp-block-heading\"><a href=\"https:\/\/acss.se\/inredning\/omkladningsbas-kompaktlaminat\/\" data-type=\"page\" data-id=\"4779\">ACSS OMKL\u00c4DNINGSB\u00c5S I LAMINAT<\/a><\/h3>\n<\/div>\n<\/div>\n\n\n\n<div class=\"wp-block-columns is-layout-flex wp-container-core-columns-is-layout-9d6595d7 wp-block-columns-is-layout-flex\">\n<div class=\"wp-block-column is-layout-flow wp-block-column-is-layout-flow\">\n<p>H\u00e4rdat och laminerat 5+5 s\u00e4kerhetsglas <\/p>\n<\/div>\n\n\n\n<div class=\"wp-block-column is-layout-flow wp-block-column-is-layout-flow\">\n<p>Vi erbjuder flera olika typer av laminatl\u00f6sningar riktade till olika milj\u00f6er och behov<\/p>\n<\/div>\n<\/div>\n\n\n\n<div class=\"wp-block-columns is-layout-flex wp-container-core-columns-is-layout-9d6595d7 wp-block-columns-is-layout-flex\">\n<div class=\"wp-block-column is-layout-flow wp-block-column-is-layout-flow\">\n<ul class=\"wp-block-list\">\n<li>Design&nbsp; &amp; kvalitet <\/li>\n\n\n\n<li>Mycket ljusgenomsl\u00e4pp<\/li>\n\n\n\n<li>N\u00e4r hygien och l\u00e4tt reng\u00f6ring&nbsp; \u00e4r viktigt<\/li>\n\n\n\n<li>Extremt l\u00e5ng livsl\u00e4ngd<\/li>\n\n\n\n<li>M\u00e5ttanpassat<\/li>\n<\/ul>\n<\/div>\n\n\n\n<div class=\"wp-block-column is-layout-flow wp-block-column-is-layout-flow\">\n<ul class=\"wp-block-list\">\n<li>N\u00e4r budget \u00e4r viktigt<\/li>\n\n\n\n<li>N\u00e4r tunga installationer b\u00f6r undvikas<\/li>\n\n\n\n<li>H\u00e5llbart och t\u00e5ligt mot slag och repor.<\/li>\n\n\n\n<li>Enkelt att p\u00e5 plats montera dispensers och andra WC-tillbeh\u00f6r<\/li>\n\n\n\n<li>Olika typer av laminatl\u00f6sningar<\/li>\n<\/ul>\n<\/div>\n<\/div>\n\n\n\n<p><\/p>\n","protected":false},"excerpt":{"rendered":"<p>ACSS Omkl\u00e4dningsb\u00e5s \u00e4r till f\u00f6r alla publika och offentliga milj\u00f6er, s\u00e5 som skolor, arenor, campingplatser, terminaler, arbetsplatser och kontor. Att installera b\u00e5s med sk\u00e4rmv\u00e4ggar blir allt vanligare d\u00e5 det tar &#8230;<\/p>\n","protected":false},"author":5,"featured_media":0,"parent":0,"menu_order":0,"comment_status":"closed","ping_status":"closed","template":"","meta":{"footnotes":""},"class_list":["post-4818","page","type-page","status-publish","hentry"],"yoast_head":"<!-- This site is optimized with the Yoast SEO plugin v27.5 - https:\/\/yoast.com\/product\/yoast-seo-wordpress\/ -->\n<title>ACSS OMKL\u00c4DNINGSB\u00c5S - ACSS Inredning - Duschb\u00e5s, Duschkabiner, Toalettb\u00e5s, Sk\u00e5p, B\u00e4nkar<\/title>\n<meta name=\"robots\" content=\"index, follow, max-snippet:-1, max-image-preview:large, max-video-preview:-1\" \/>\n<link rel=\"canonical\" href=\"https:\/\/acss.se\/inredning\/acss-omkladningsbas\/\" \/>\n<meta property=\"og:locale\" content=\"sv_SE\" \/>\n<meta property=\"og:type\" content=\"article\" \/>\n<meta property=\"og:title\" content=\"ACSS OMKL\u00c4DNINGSB\u00c5S - ACSS Inredning - Duschb\u00e5s, Duschkabiner, Toalettb\u00e5s, Sk\u00e5p, B\u00e4nkar\" \/>\n<meta property=\"og:description\" content=\"ACSS Omkl\u00e4dningsb\u00e5s \u00e4r till f\u00f6r alla publika och offentliga milj\u00f6er, s\u00e5 som skolor, arenor, campingplatser, terminaler, arbetsplatser och kontor. Att installera b\u00e5s med sk\u00e4rmv\u00e4ggar blir allt vanligare d\u00e5 det tar ...\" \/>\n<meta property=\"og:url\" content=\"https:\/\/acss.se\/inredning\/acss-omkladningsbas\/\" \/>\n<meta property=\"og:site_name\" content=\"ACSS Inredning - Duschb\u00e5s, Duschkabiner, Toalettb\u00e5s, Sk\u00e5p, B\u00e4nkar\" \/>\n<meta property=\"article:modified_time\" content=\"2025-11-24T19:42:53+00:00\" \/>\n<meta property=\"og:image\" content=\"https:\/\/acss.se\/inredning\/wp-content\/uploads\/Omkladningsbas.jpg\" \/>\n\t<meta property=\"og:image:width\" content=\"810\" \/>\n\t<meta property=\"og:image:height\" content=\"648\" \/>\n\t<meta property=\"og:image:type\" content=\"image\/jpeg\" \/>\n<meta name=\"twitter:card\" content=\"summary_large_image\" \/>\n<meta name=\"twitter:label1\" content=\"Ber\u00e4knad l\u00e4stid\" \/>\n\t<meta name=\"twitter:data1\" content=\"2 minuter\" \/>\n<script type=\"application\/ld+json\" class=\"yoast-schema-graph\">{\"@context\":\"https:\\\/\\\/schema.org\",\"@graph\":[{\"@type\":\"WebPage\",\"@id\":\"https:\\\/\\\/acss.se\\\/inredning\\\/acss-omkladningsbas\\\/\",\"url\":\"https:\\\/\\\/acss.se\\\/inredning\\\/acss-omkladningsbas\\\/\",\"name\":\"ACSS OMKL\u00c4DNINGSB\u00c5S - ACSS Inredning - Duschb\u00e5s, Duschkabiner, Toalettb\u00e5s, Sk\u00e5p, B\u00e4nkar\",\"isPartOf\":{\"@id\":\"https:\\\/\\\/acss.se\\\/inredning\\\/#website\"},\"primaryImageOfPage\":{\"@id\":\"https:\\\/\\\/acss.se\\\/inredning\\\/acss-omkladningsbas\\\/#primaryimage\"},\"image\":{\"@id\":\"https:\\\/\\\/acss.se\\\/inredning\\\/acss-omkladningsbas\\\/#primaryimage\"},\"thumbnailUrl\":\"https:\\\/\\\/acss.se\\\/inredning\\\/wp-content\\\/uploads\\\/Omkladningsbas.jpg\",\"datePublished\":\"2025-11-07T13:43:04+00:00\",\"dateModified\":\"2025-11-24T19:42:53+00:00\",\"breadcrumb\":{\"@id\":\"https:\\\/\\\/acss.se\\\/inredning\\\/acss-omkladningsbas\\\/#breadcrumb\"},\"inLanguage\":\"sv-SE\",\"potentialAction\":[{\"@type\":\"ReadAction\",\"target\":[\"https:\\\/\\\/acss.se\\\/inredning\\\/acss-omkladningsbas\\\/\"]}]},{\"@type\":\"ImageObject\",\"inLanguage\":\"sv-SE\",\"@id\":\"https:\\\/\\\/acss.se\\\/inredning\\\/acss-omkladningsbas\\\/#primaryimage\",\"url\":\"https:\\\/\\\/acss.se\\\/inredning\\\/wp-content\\\/uploads\\\/Omkladningsbas.jpg\",\"contentUrl\":\"https:\\\/\\\/acss.se\\\/inredning\\\/wp-content\\\/uploads\\\/Omkladningsbas.jpg\",\"width\":810,\"height\":648,\"caption\":\"Kategoribild ACSS Omkl\u00e4dningsb\u00e5s i h\u00e4rdat och laminerat glas.\"},{\"@type\":\"BreadcrumbList\",\"@id\":\"https:\\\/\\\/acss.se\\\/inredning\\\/acss-omkladningsbas\\\/#breadcrumb\",\"itemListElement\":[{\"@type\":\"ListItem\",\"position\":1,\"name\":\"Hem\",\"item\":\"https:\\\/\\\/acss.se\\\/inredning\\\/\"},{\"@type\":\"ListItem\",\"position\":2,\"name\":\"ACSS OMKL\u00c4DNINGSB\u00c5S\"}]},{\"@type\":\"WebSite\",\"@id\":\"https:\\\/\\\/acss.se\\\/inredning\\\/#website\",\"url\":\"https:\\\/\\\/acss.se\\\/inredning\\\/\",\"name\":\"ACSS Inredning\",\"description\":\"\",\"publisher\":{\"@id\":\"https:\\\/\\\/acss.se\\\/inredning\\\/#organization\"},\"potentialAction\":[{\"@type\":\"SearchAction\",\"target\":{\"@type\":\"EntryPoint\",\"urlTemplate\":\"https:\\\/\\\/acss.se\\\/inredning\\\/?s={search_term_string}\"},\"query-input\":{\"@type\":\"PropertyValueSpecification\",\"valueRequired\":true,\"valueName\":\"search_term_string\"}}],\"inLanguage\":\"sv-SE\"},{\"@type\":\"Organization\",\"@id\":\"https:\\\/\\\/acss.se\\\/inredning\\\/#organization\",\"name\":\"ACSS Inredning\",\"url\":\"https:\\\/\\\/acss.se\\\/inredning\\\/\",\"logo\":{\"@type\":\"ImageObject\",\"inLanguage\":\"sv-SE\",\"@id\":\"https:\\\/\\\/acss.se\\\/inredning\\\/#\\\/schema\\\/logo\\\/image\\\/\",\"url\":\"https:\\\/\\\/acss.se\\\/inredning\\\/wp-content\\\/uploads\\\/cropped-cropped-ACSS-jpeg-512x512-1-192x192-1.jpg\",\"contentUrl\":\"https:\\\/\\\/acss.se\\\/inredning\\\/wp-content\\\/uploads\\\/cropped-cropped-ACSS-jpeg-512x512-1-192x192-1.jpg\",\"width\":192,\"height\":76,\"caption\":\"ACSS Inredning\"},\"image\":{\"@id\":\"https:\\\/\\\/acss.se\\\/inredning\\\/#\\\/schema\\\/logo\\\/image\\\/\"}}]}<\/script>\n<!-- \/ Yoast SEO plugin. -->","yoast_head_json":{"title":"ACSS OMKL\u00c4DNINGSB\u00c5S - ACSS Inredning - Duschb\u00e5s, Duschkabiner, Toalettb\u00e5s, Sk\u00e5p, B\u00e4nkar","robots":{"index":"index","follow":"follow","max-snippet":"max-snippet:-1","max-image-preview":"max-image-preview:large","max-video-preview":"max-video-preview:-1"},"canonical":"https:\/\/acss.se\/inredning\/acss-omkladningsbas\/","og_locale":"sv_SE","og_type":"article","og_title":"ACSS OMKL\u00c4DNINGSB\u00c5S - ACSS Inredning - Duschb\u00e5s, Duschkabiner, Toalettb\u00e5s, Sk\u00e5p, B\u00e4nkar","og_description":"ACSS Omkl\u00e4dningsb\u00e5s \u00e4r till f\u00f6r alla publika och offentliga milj\u00f6er, s\u00e5 som skolor, arenor, campingplatser, terminaler, arbetsplatser och kontor. Att installera b\u00e5s med sk\u00e4rmv\u00e4ggar blir allt vanligare d\u00e5 det tar ...","og_url":"https:\/\/acss.se\/inredning\/acss-omkladningsbas\/","og_site_name":"ACSS Inredning - Duschb\u00e5s, Duschkabiner, Toalettb\u00e5s, Sk\u00e5p, B\u00e4nkar","article_modified_time":"2025-11-24T19:42:53+00:00","og_image":[{"width":810,"height":648,"url":"https:\/\/acss.se\/inredning\/wp-content\/uploads\/Omkladningsbas.jpg","type":"image\/jpeg"}],"twitter_card":"summary_large_image","twitter_misc":{"Ber\u00e4knad l\u00e4stid":"2 minuter"},"schema":{"@context":"https:\/\/schema.org","@graph":[{"@type":"WebPage","@id":"https:\/\/acss.se\/inredning\/acss-omkladningsbas\/","url":"https:\/\/acss.se\/inredning\/acss-omkladningsbas\/","name":"ACSS OMKL\u00c4DNINGSB\u00c5S - ACSS Inredning - Duschb\u00e5s, Duschkabiner, Toalettb\u00e5s, Sk\u00e5p, B\u00e4nkar","isPartOf":{"@id":"https:\/\/acss.se\/inredning\/#website"},"primaryImageOfPage":{"@id":"https:\/\/acss.se\/inredning\/acss-omkladningsbas\/#primaryimage"},"image":{"@id":"https:\/\/acss.se\/inredning\/acss-omkladningsbas\/#primaryimage"},"thumbnailUrl":"https:\/\/acss.se\/inredning\/wp-content\/uploads\/Omkladningsbas.jpg","datePublished":"2025-11-07T13:43:04+00:00","dateModified":"2025-11-24T19:42:53+00:00","breadcrumb":{"@id":"https:\/\/acss.se\/inredning\/acss-omkladningsbas\/#breadcrumb"},"inLanguage":"sv-SE","potentialAction":[{"@type":"ReadAction","target":["https:\/\/acss.se\/inredning\/acss-omkladningsbas\/"]}]},{"@type":"ImageObject","inLanguage":"sv-SE","@id":"https:\/\/acss.se\/inredning\/acss-omkladningsbas\/#primaryimage","url":"https:\/\/acss.se\/inredning\/wp-content\/uploads\/Omkladningsbas.jpg","contentUrl":"https:\/\/acss.se\/inredning\/wp-content\/uploads\/Omkladningsbas.jpg","width":810,"height":648,"caption":"Kategoribild ACSS Omkl\u00e4dningsb\u00e5s i h\u00e4rdat och laminerat glas."},{"@type":"BreadcrumbList","@id":"https:\/\/acss.se\/inredning\/acss-omkladningsbas\/#breadcrumb","itemListElement":[{"@type":"ListItem","position":1,"name":"Hem","item":"https:\/\/acss.se\/inredning\/"},{"@type":"ListItem","position":2,"name":"ACSS OMKL\u00c4DNINGSB\u00c5S"}]},{"@type":"WebSite","@id":"https:\/\/acss.se\/inredning\/#website","url":"https:\/\/acss.se\/inredning\/","name":"ACSS Inredning","description":"","publisher":{"@id":"https:\/\/acss.se\/inredning\/#organization"},"potentialAction":[{"@type":"SearchAction","target":{"@type":"EntryPoint","urlTemplate":"https:\/\/acss.se\/inredning\/?s={search_term_string}"},"query-input":{"@type":"PropertyValueSpecification","valueRequired":true,"valueName":"search_term_string"}}],"inLanguage":"sv-SE"},{"@type":"Organization","@id":"https:\/\/acss.se\/inredning\/#organization","name":"ACSS Inredning","url":"https:\/\/acss.se\/inredning\/","logo":{"@type":"ImageObject","inLanguage":"sv-SE","@id":"https:\/\/acss.se\/inredning\/#\/schema\/logo\/image\/","url":"https:\/\/acss.se\/inredning\/wp-content\/uploads\/cropped-cropped-ACSS-jpeg-512x512-1-192x192-1.jpg","contentUrl":"https:\/\/acss.se\/inredning\/wp-content\/uploads\/cropped-cropped-ACSS-jpeg-512x512-1-192x192-1.jpg","width":192,"height":76,"caption":"ACSS Inredning"},"image":{"@id":"https:\/\/acss.se\/inredning\/#\/schema\/logo\/image\/"}}]}},"_links":{"self":[{"href":"https:\/\/acss.se\/inredning\/wp-json\/wp\/v2\/pages\/4818","targetHints":{"allow":["GET"]}}],"collection":[{"href":"https:\/\/acss.se\/inredning\/wp-json\/wp\/v2\/pages"}],"about":[{"href":"https:\/\/acss.se\/inredning\/wp-json\/wp\/v2\/types\/page"}],"author":[{"embeddable":true,"href":"https:\/\/acss.se\/inredning\/wp-json\/wp\/v2\/users\/5"}],"replies":[{"embeddable":true,"href":"https:\/\/acss.se\/inredning\/wp-json\/wp\/v2\/comments?post=4818"}],"version-history":[{"count":4,"href":"https:\/\/acss.se\/inredning\/wp-json\/wp\/v2\/pages\/4818\/revisions"}],"predecessor-version":[{"id":4878,"href":"https:\/\/acss.se\/inredning\/wp-json\/wp\/v2\/pages\/4818\/revisions\/4878"}],"wp:attachment":[{"href":"https:\/\/acss.se\/inredning\/wp-json\/wp\/v2\/media?parent=4818"}],"curies":[{"name":"wp","href":"https:\/\/api.w.org\/{rel}","templated":true}]}}