{"id":3749,"date":"2023-03-19T11:44:08","date_gmt":"2023-03-19T11:44:08","guid":{"rendered":"https:\/\/acss.se\/inredning\/?page_id=3749"},"modified":"2025-11-24T20:03:30","modified_gmt":"2025-11-24T20:03:30","slug":"galleri","status":"publish","type":"page","link":"https:\/\/acss.se\/inredning\/galleri\/","title":{"rendered":"Galleri"},"content":{"rendered":"\n<figure class=\"wp-block-image size-large\"><img loading=\"lazy\" decoding=\"async\" width=\"1024\" height=\"696\" src=\"https:\/\/acss.se\/inredning\/wp-content\/uploads\/Galleri-Sportsclub-Vallentuna-3-1024x696.jpg\" alt=\"\" class=\"wp-image-4422\" srcset=\"https:\/\/acss.se\/inredning\/wp-content\/uploads\/Galleri-Sportsclub-Vallentuna-3-1024x696.jpg 1024w, https:\/\/acss.se\/inredning\/wp-content\/uploads\/Galleri-Sportsclub-Vallentuna-3-300x204.jpg 300w, https:\/\/acss.se\/inredning\/wp-content\/uploads\/Galleri-Sportsclub-Vallentuna-3-768x522.jpg 768w, https:\/\/acss.se\/inredning\/wp-content\/uploads\/Galleri-Sportsclub-Vallentuna-3-1536x1043.jpg 1536w, https:\/\/acss.se\/inredning\/wp-content\/uploads\/Galleri-Sportsclub-Vallentuna-3-2048x1391.jpg 2048w\" sizes=\"auto, (max-width: 1024px) 100vw, 1024px\" \/><figcaption class=\"wp-element-caption\">Sportsclub Vallentuna<\/figcaption><\/figure>\n\n\n\n<figure class=\"wp-block-image size-large\"><img loading=\"lazy\" decoding=\"async\" width=\"1024\" height=\"683\" src=\"https:\/\/acss.se\/inredning\/wp-content\/uploads\/Galleri-Sportsclub-Vallentuna-2-1024x683.jpg\" alt=\"\" class=\"wp-image-4415\" srcset=\"https:\/\/acss.se\/inredning\/wp-content\/uploads\/Galleri-Sportsclub-Vallentuna-2-1024x683.jpg 1024w, https:\/\/acss.se\/inredning\/wp-content\/uploads\/Galleri-Sportsclub-Vallentuna-2-300x200.jpg 300w, https:\/\/acss.se\/inredning\/wp-content\/uploads\/Galleri-Sportsclub-Vallentuna-2-768x512.jpg 768w, https:\/\/acss.se\/inredning\/wp-content\/uploads\/Galleri-Sportsclub-Vallentuna-2-1536x1024.jpg 1536w, https:\/\/acss.se\/inredning\/wp-content\/uploads\/Galleri-Sportsclub-Vallentuna-2-2048x1365.jpg 2048w\" sizes=\"auto, (max-width: 1024px) 100vw, 1024px\" \/><figcaption class=\"wp-element-caption\">Sportsclub Vallentuna<\/figcaption><\/figure>\n\n\n\n<figure class=\"wp-block-image size-large\"><img loading=\"lazy\" decoding=\"async\" width=\"1024\" height=\"764\" src=\"https:\/\/acss.se\/inredning\/wp-content\/uploads\/Galleri-Sportsclub-Vallentuna-4-1024x764.jpg\" alt=\"\" class=\"wp-image-4414\" srcset=\"https:\/\/acss.se\/inredning\/wp-content\/uploads\/Galleri-Sportsclub-Vallentuna-4-1024x764.jpg 1024w, https:\/\/acss.se\/inredning\/wp-content\/uploads\/Galleri-Sportsclub-Vallentuna-4-300x224.jpg 300w, https:\/\/acss.se\/inredning\/wp-content\/uploads\/Galleri-Sportsclub-Vallentuna-4-768x573.jpg 768w, https:\/\/acss.se\/inredning\/wp-content\/uploads\/Galleri-Sportsclub-Vallentuna-4-1536x1146.jpg 1536w, https:\/\/acss.se\/inredning\/wp-content\/uploads\/Galleri-Sportsclub-Vallentuna-4-2048x1528.jpg 2048w\" sizes=\"auto, (max-width: 1024px) 100vw, 1024px\" \/><figcaption class=\"wp-element-caption\">Sportsclub Vallentuna<\/figcaption><\/figure>\n\n\n\n<figure class=\"wp-block-image size-large\"><img loading=\"lazy\" decoding=\"async\" width=\"1024\" height=\"1012\" src=\"https:\/\/acss.se\/inredning\/wp-content\/uploads\/Galleri-Sportsclub-Vallentuna-3-staende-1024x1012.jpg\" alt=\"\" class=\"wp-image-4416\" srcset=\"https:\/\/acss.se\/inredning\/wp-content\/uploads\/Galleri-Sportsclub-Vallentuna-3-staende-1024x1012.jpg 1024w, https:\/\/acss.se\/inredning\/wp-content\/uploads\/Galleri-Sportsclub-Vallentuna-3-staende-300x297.jpg 300w, https:\/\/acss.se\/inredning\/wp-content\/uploads\/Galleri-Sportsclub-Vallentuna-3-staende-768x759.jpg 768w, https:\/\/acss.se\/inredning\/wp-content\/uploads\/Galleri-Sportsclub-Vallentuna-3-staende-1536x1519.jpg 1536w, https:\/\/acss.se\/inredning\/wp-content\/uploads\/Galleri-Sportsclub-Vallentuna-3-staende-2048x2025.jpg 2048w\" sizes=\"auto, (max-width: 1024px) 100vw, 1024px\" \/><figcaption class=\"wp-element-caption\">Sportsclub Vallentuna<\/figcaption><\/figure>\n\n\n\n<figure class=\"wp-block-image size-large\"><img decoding=\"async\" src=\"https:\/\/acss.se\/inredning\/wp-content\/uploads\/Galleri-Taby-simhall-1-576x1024.jpg\" alt=\"\" class=\"wp-image-1607\"\/><figcaption class=\"wp-element-caption\">T\u00e4by simhall<\/figcaption><\/figure>\n\n\n\n<figure class=\"wp-block-image size-full\"><img loading=\"lazy\" decoding=\"async\" width=\"405\" height=\"441\" src=\"https:\/\/acss.se\/inredning\/wp-content\/uploads\/Galleri-Taby-simhall-2.jpg\" alt=\"\" class=\"wp-image-4418\" srcset=\"https:\/\/acss.se\/inredning\/wp-content\/uploads\/Galleri-Taby-simhall-2.jpg 405w, https:\/\/acss.se\/inredning\/wp-content\/uploads\/Galleri-Taby-simhall-2-276x300.jpg 276w\" sizes=\"auto, (max-width: 405px) 100vw, 405px\" \/><figcaption class=\"wp-element-caption\">T\u00e4by simhall<\/figcaption><\/figure>\n\n\n\n<figure class=\"wp-block-image size-large\"><img decoding=\"async\" src=\"https:\/\/acss.se\/inredning\/wp-content\/uploads\/Galleri-Brandstation-Stockholm-1024x710.jpg\" alt=\"\" class=\"wp-image-1612\"\/><figcaption class=\"wp-element-caption\">Brandstation Stockholm<\/figcaption><\/figure>\n\n\n\n<p><\/p>\n","protected":false},"excerpt":{"rendered":"","protected":false},"author":1,"featured_media":0,"parent":0,"menu_order":0,"comment_status":"closed","ping_status":"closed","template":"","meta":{"footnotes":""},"class_list":["post-3749","page","type-page","status-publish","hentry"],"yoast_head":"<!-- This site is optimized with the Yoast SEO plugin v27.4 - https:\/\/yoast.com\/product\/yoast-seo-wordpress\/ -->\n<title>Galleri - ACSS Inredning - Duschb\u00e5s, Duschkabiner, Toalettb\u00e5s, Sk\u00e5p, B\u00e4nkar<\/title>\n<meta name=\"robots\" content=\"index, follow, max-snippet:-1, max-image-preview:large, max-video-preview:-1\" \/>\n<link rel=\"canonical\" href=\"https:\/\/acss.se\/inredning\/galleri\/\" \/>\n<meta property=\"og:locale\" content=\"sv_SE\" \/>\n<meta property=\"og:type\" content=\"article\" \/>\n<meta property=\"og:title\" content=\"Galleri - ACSS Inredning - Duschb\u00e5s, Duschkabiner, Toalettb\u00e5s, Sk\u00e5p, B\u00e4nkar\" \/>\n<meta property=\"og:url\" content=\"https:\/\/acss.se\/inredning\/galleri\/\" \/>\n<meta property=\"og:site_name\" content=\"ACSS Inredning - Duschb\u00e5s, Duschkabiner, Toalettb\u00e5s, Sk\u00e5p, B\u00e4nkar\" \/>\n<meta property=\"article:modified_time\" content=\"2025-11-24T20:03:30+00:00\" \/>\n<meta property=\"og:image\" content=\"https:\/\/acss.se\/inredning\/wp-content\/uploads\/Galleri-Sportsclub-Vallentuna-3-scaled.jpg\" \/>\n\t<meta property=\"og:image:width\" content=\"2560\" \/>\n\t<meta property=\"og:image:height\" content=\"1739\" \/>\n\t<meta property=\"og:image:type\" content=\"image\/jpeg\" \/>\n<meta name=\"twitter:card\" content=\"summary_large_image\" \/>\n<meta name=\"twitter:label1\" content=\"Ber\u00e4knad l\u00e4stid\" \/>\n\t<meta name=\"twitter:data1\" content=\"2 minuter\" \/>\n<script type=\"application\/ld+json\" class=\"yoast-schema-graph\">{\"@context\":\"https:\\\/\\\/schema.org\",\"@graph\":[{\"@type\":\"WebPage\",\"@id\":\"https:\\\/\\\/acss.se\\\/inredning\\\/galleri\\\/\",\"url\":\"https:\\\/\\\/acss.se\\\/inredning\\\/galleri\\\/\",\"name\":\"Galleri - ACSS Inredning - Duschb\u00e5s, Duschkabiner, Toalettb\u00e5s, Sk\u00e5p, B\u00e4nkar\",\"isPartOf\":{\"@id\":\"https:\\\/\\\/acss.se\\\/inredning\\\/#website\"},\"primaryImageOfPage\":{\"@id\":\"https:\\\/\\\/acss.se\\\/inredning\\\/galleri\\\/#primaryimage\"},\"image\":{\"@id\":\"https:\\\/\\\/acss.se\\\/inredning\\\/galleri\\\/#primaryimage\"},\"thumbnailUrl\":\"https:\\\/\\\/acss.se\\\/inredning\\\/wp-content\\\/uploads\\\/Galleri-Sportsclub-Vallentuna-3-1024x696.jpg\",\"datePublished\":\"2023-03-19T11:44:08+00:00\",\"dateModified\":\"2025-11-24T20:03:30+00:00\",\"breadcrumb\":{\"@id\":\"https:\\\/\\\/acss.se\\\/inredning\\\/galleri\\\/#breadcrumb\"},\"inLanguage\":\"sv-SE\",\"potentialAction\":[{\"@type\":\"ReadAction\",\"target\":[\"https:\\\/\\\/acss.se\\\/inredning\\\/galleri\\\/\"]}]},{\"@type\":\"ImageObject\",\"inLanguage\":\"sv-SE\",\"@id\":\"https:\\\/\\\/acss.se\\\/inredning\\\/galleri\\\/#primaryimage\",\"url\":\"https:\\\/\\\/acss.se\\\/inredning\\\/wp-content\\\/uploads\\\/Galleri-Sportsclub-Vallentuna-3-scaled.jpg\",\"contentUrl\":\"https:\\\/\\\/acss.se\\\/inredning\\\/wp-content\\\/uploads\\\/Galleri-Sportsclub-Vallentuna-3-scaled.jpg\",\"width\":2560,\"height\":1739},{\"@type\":\"BreadcrumbList\",\"@id\":\"https:\\\/\\\/acss.se\\\/inredning\\\/galleri\\\/#breadcrumb\",\"itemListElement\":[{\"@type\":\"ListItem\",\"position\":1,\"name\":\"Hem\",\"item\":\"https:\\\/\\\/acss.se\\\/inredning\\\/\"},{\"@type\":\"ListItem\",\"position\":2,\"name\":\"Galleri\"}]},{\"@type\":\"WebSite\",\"@id\":\"https:\\\/\\\/acss.se\\\/inredning\\\/#website\",\"url\":\"https:\\\/\\\/acss.se\\\/inredning\\\/\",\"name\":\"ACSS Inredning\",\"description\":\"\",\"publisher\":{\"@id\":\"https:\\\/\\\/acss.se\\\/inredning\\\/#organization\"},\"potentialAction\":[{\"@type\":\"SearchAction\",\"target\":{\"@type\":\"EntryPoint\",\"urlTemplate\":\"https:\\\/\\\/acss.se\\\/inredning\\\/?s={search_term_string}\"},\"query-input\":{\"@type\":\"PropertyValueSpecification\",\"valueRequired\":true,\"valueName\":\"search_term_string\"}}],\"inLanguage\":\"sv-SE\"},{\"@type\":\"Organization\",\"@id\":\"https:\\\/\\\/acss.se\\\/inredning\\\/#organization\",\"name\":\"ACSS Inredning\",\"url\":\"https:\\\/\\\/acss.se\\\/inredning\\\/\",\"logo\":{\"@type\":\"ImageObject\",\"inLanguage\":\"sv-SE\",\"@id\":\"https:\\\/\\\/acss.se\\\/inredning\\\/#\\\/schema\\\/logo\\\/image\\\/\",\"url\":\"https:\\\/\\\/acss.se\\\/inredning\\\/wp-content\\\/uploads\\\/cropped-cropped-ACSS-jpeg-512x512-1-192x192-1.jpg\",\"contentUrl\":\"https:\\\/\\\/acss.se\\\/inredning\\\/wp-content\\\/uploads\\\/cropped-cropped-ACSS-jpeg-512x512-1-192x192-1.jpg\",\"width\":192,\"height\":76,\"caption\":\"ACSS Inredning\"},\"image\":{\"@id\":\"https:\\\/\\\/acss.se\\\/inredning\\\/#\\\/schema\\\/logo\\\/image\\\/\"}}]}<\/script>\n<!-- \/ Yoast SEO plugin. -->","yoast_head_json":{"title":"Galleri - ACSS Inredning - Duschb\u00e5s, Duschkabiner, Toalettb\u00e5s, Sk\u00e5p, B\u00e4nkar","robots":{"index":"index","follow":"follow","max-snippet":"max-snippet:-1","max-image-preview":"max-image-preview:large","max-video-preview":"max-video-preview:-1"},"canonical":"https:\/\/acss.se\/inredning\/galleri\/","og_locale":"sv_SE","og_type":"article","og_title":"Galleri - ACSS Inredning - Duschb\u00e5s, Duschkabiner, Toalettb\u00e5s, Sk\u00e5p, B\u00e4nkar","og_url":"https:\/\/acss.se\/inredning\/galleri\/","og_site_name":"ACSS Inredning - Duschb\u00e5s, Duschkabiner, Toalettb\u00e5s, Sk\u00e5p, B\u00e4nkar","article_modified_time":"2025-11-24T20:03:30+00:00","og_image":[{"width":2560,"height":1739,"url":"https:\/\/acss.se\/inredning\/wp-content\/uploads\/Galleri-Sportsclub-Vallentuna-3-scaled.jpg","type":"image\/jpeg"}],"twitter_card":"summary_large_image","twitter_misc":{"Ber\u00e4knad l\u00e4stid":"2 minuter"},"schema":{"@context":"https:\/\/schema.org","@graph":[{"@type":"WebPage","@id":"https:\/\/acss.se\/inredning\/galleri\/","url":"https:\/\/acss.se\/inredning\/galleri\/","name":"Galleri - ACSS Inredning - Duschb\u00e5s, Duschkabiner, Toalettb\u00e5s, Sk\u00e5p, B\u00e4nkar","isPartOf":{"@id":"https:\/\/acss.se\/inredning\/#website"},"primaryImageOfPage":{"@id":"https:\/\/acss.se\/inredning\/galleri\/#primaryimage"},"image":{"@id":"https:\/\/acss.se\/inredning\/galleri\/#primaryimage"},"thumbnailUrl":"https:\/\/acss.se\/inredning\/wp-content\/uploads\/Galleri-Sportsclub-Vallentuna-3-1024x696.jpg","datePublished":"2023-03-19T11:44:08+00:00","dateModified":"2025-11-24T20:03:30+00:00","breadcrumb":{"@id":"https:\/\/acss.se\/inredning\/galleri\/#breadcrumb"},"inLanguage":"sv-SE","potentialAction":[{"@type":"ReadAction","target":["https:\/\/acss.se\/inredning\/galleri\/"]}]},{"@type":"ImageObject","inLanguage":"sv-SE","@id":"https:\/\/acss.se\/inredning\/galleri\/#primaryimage","url":"https:\/\/acss.se\/inredning\/wp-content\/uploads\/Galleri-Sportsclub-Vallentuna-3-scaled.jpg","contentUrl":"https:\/\/acss.se\/inredning\/wp-content\/uploads\/Galleri-Sportsclub-Vallentuna-3-scaled.jpg","width":2560,"height":1739},{"@type":"BreadcrumbList","@id":"https:\/\/acss.se\/inredning\/galleri\/#breadcrumb","itemListElement":[{"@type":"ListItem","position":1,"name":"Hem","item":"https:\/\/acss.se\/inredning\/"},{"@type":"ListItem","position":2,"name":"Galleri"}]},{"@type":"WebSite","@id":"https:\/\/acss.se\/inredning\/#website","url":"https:\/\/acss.se\/inredning\/","name":"ACSS Inredning","description":"","publisher":{"@id":"https:\/\/acss.se\/inredning\/#organization"},"potentialAction":[{"@type":"SearchAction","target":{"@type":"EntryPoint","urlTemplate":"https:\/\/acss.se\/inredning\/?s={search_term_string}"},"query-input":{"@type":"PropertyValueSpecification","valueRequired":true,"valueName":"search_term_string"}}],"inLanguage":"sv-SE"},{"@type":"Organization","@id":"https:\/\/acss.se\/inredning\/#organization","name":"ACSS Inredning","url":"https:\/\/acss.se\/inredning\/","logo":{"@type":"ImageObject","inLanguage":"sv-SE","@id":"https:\/\/acss.se\/inredning\/#\/schema\/logo\/image\/","url":"https:\/\/acss.se\/inredning\/wp-content\/uploads\/cropped-cropped-ACSS-jpeg-512x512-1-192x192-1.jpg","contentUrl":"https:\/\/acss.se\/inredning\/wp-content\/uploads\/cropped-cropped-ACSS-jpeg-512x512-1-192x192-1.jpg","width":192,"height":76,"caption":"ACSS Inredning"},"image":{"@id":"https:\/\/acss.se\/inredning\/#\/schema\/logo\/image\/"}}]}},"_links":{"self":[{"href":"https:\/\/acss.se\/inredning\/wp-json\/wp\/v2\/pages\/3749","targetHints":{"allow":["GET"]}}],"collection":[{"href":"https:\/\/acss.se\/inredning\/wp-json\/wp\/v2\/pages"}],"about":[{"href":"https:\/\/acss.se\/inredning\/wp-json\/wp\/v2\/types\/page"}],"author":[{"embeddable":true,"href":"https:\/\/acss.se\/inredning\/wp-json\/wp\/v2\/users\/1"}],"replies":[{"embeddable":true,"href":"https:\/\/acss.se\/inredning\/wp-json\/wp\/v2\/comments?post=3749"}],"version-history":[{"count":4,"href":"https:\/\/acss.se\/inredning\/wp-json\/wp\/v2\/pages\/3749\/revisions"}],"predecessor-version":[{"id":4424,"href":"https:\/\/acss.se\/inredning\/wp-json\/wp\/v2\/pages\/3749\/revisions\/4424"}],"wp:attachment":[{"href":"https:\/\/acss.se\/inredning\/wp-json\/wp\/v2\/media?parent=3749"}],"curies":[{"name":"wp","href":"https:\/\/api.w.org\/{rel}","templated":true}]}}