{"id":1749,"date":"2022-12-30T14:24:20","date_gmt":"2022-12-30T13:24:20","guid":{"rendered":"http:\/\/192.168.111.240\/wordpress\/?page_id=1749"},"modified":"2025-11-24T20:00:19","modified_gmt":"2025-11-24T20:00:19","slug":"utforande","status":"publish","type":"page","link":"https:\/\/acss.se\/inredning\/utforande\/","title":{"rendered":"UTF\u00d6RANDEN"},"content":{"rendered":"\n<h3 class=\"wp-block-heading\">GLAS F\u00d6R SK\u00c4RMAR &amp; B\u00c5S<\/h3>\n\n\n\n<p>Glaset som \u00e4r i dimensionen 5+5mm h\u00e4rdas och lamineras med en eller flera Vanceva folier. Folierna finns i klart, vitt med tre olika grader av genomskinlighet, svart folie som \u00e4r opak(t\u00e4t) och 12 olika f\u00e4rger som alla \u00e4r helt transparenta.<\/p>\n\n\n\n<div class=\"wp-block-columns is-layout-flex wp-container-core-columns-is-layout-9d6595d7 wp-block-columns-is-layout-flex\">\n<div class=\"wp-block-column is-layout-flow wp-block-column-is-layout-flow\" style=\"flex-basis:33.33%\">\n<p><strong>Cool White<\/strong><br>Frostat utseende (opal folie) med h\u00f6g ljus genomsl\u00e4pplighet, 81% transmission. Till\u00e5ter mycket ljusinsl\u00e4pp men beh\u00e5ller k\u00e4nslan av integritet<br><strong>Arctic Snow<\/strong><br>Frostat utseende (opal folie) med medel ljusgenomsl\u00e4pplighet, 65% transmission. Ger bekv\u00e4m integritet utan fullst\u00e4ndig opacitet.<br><strong>Polar White<\/strong><br>T\u00e4tt (opak folie) utseende med l\u00e5g (inget) ljusgenomsl\u00e4pp, med 7% transmission. Ger fullst\u00e4ndig integritet. <\/p>\n<\/div>\n\n\n\n<div class=\"wp-block-column is-vertically-aligned-center is-layout-flow wp-block-column-is-layout-flow\" style=\"flex-basis:66.66%\"><div class=\"wp-block-image is-style-default\">\n<figure class=\"aligncenter size-large\"><img decoding=\"async\" src=\"https:\/\/acss.se\/inredning\/wp-content\/uploads\/Vanceva-vita-1-1024x581.jpg\" alt=\"\" class=\"wp-image-1743\"\/><\/figure>\n<\/div><\/div>\n<\/div>\n\n\n\n<div class=\"wp-block-columns is-layout-flex wp-container-core-columns-is-layout-9d6595d7 wp-block-columns-is-layout-flex\">\n<div class=\"wp-block-column is-layout-flow wp-block-column-is-layout-flow\">\n<figure class=\"wp-block-image size-full is-style-default\"><img decoding=\"async\" src=\"https:\/\/acss.se\/inredning\/wp-content\/uploads\/Vanceva-12-farger.jpg\" alt=\"\" class=\"wp-image-1744\"\/><\/figure>\n<\/div>\n\n\n\n<div class=\"wp-block-column is-vertically-aligned-center is-layout-flow wp-block-column-is-layout-flow\">\n<p><strong>F\u00e4rgfolier<\/strong><br>Det finns 12 olika standard f\u00e4rgfolier vilka alla \u00e4r helt transparenta. F\u00e4rgerna i bilden kan skilja sig n\u00e5got fr\u00e5n hur de upplevs i verkligheten d\u00e5 glaset och ljuset i rummet reflekteras. Har du ett projekt och \u00f6nskar f\u00e4rg s\u00e5 h\u00f6r av dig s\u00e5 hj\u00e4lper vi med r\u00e5d och f\u00e4rgprover.<\/p>\n\n\n\n<p><br>Det g\u00e5r ocks\u00e5 att med hj\u00e4lp av screentryck tillverka en egen folie efter specifik NCS-kod alternativt att trycka ett motiv eller logotype p\u00e5 glaset eller folien.<\/p>\n<\/div>\n<\/div>\n\n\n\n<div class=\"wp-block-columns is-layout-flex wp-container-core-columns-is-layout-9d6595d7 wp-block-columns-is-layout-flex\">\n<div class=\"wp-block-column is-vertically-aligned-center is-layout-flow wp-block-column-is-layout-flow\" style=\"flex-basis:33.33%\">\n<p><strong>Kombinera<\/strong><br>\u00d6nskar man f\u00e4rg och inte helt transparenta sk\u00e4rmar s\u00e5 kombinerar man en av de vita folierna med en eller flera f\u00e4rgfolier. Man kan ocks\u00e5 kombinera flera f\u00e4rgfolier f\u00f6r \u00f6nskad kul\u00f6r.<\/p>\n<\/div>\n\n\n\n<div class=\"wp-block-column is-layout-flow wp-block-column-is-layout-flow\" style=\"flex-basis:66.66%\">\n<figure class=\"wp-block-image size-full is-style-default\"><img decoding=\"async\" src=\"https:\/\/acss.se\/inredning\/wp-content\/uploads\/Vanceva-mixa-farger.png\" alt=\"\" class=\"wp-image-1771\"\/><\/figure>\n<\/div>\n<\/div>\n\n\n\n<div class=\"wp-block-columns is-layout-flex wp-container-core-columns-is-layout-9d6595d7 wp-block-columns-is-layout-flex\">\n<div class=\"wp-block-column is-layout-flow wp-block-column-is-layout-flow\">\n<figure class=\"wp-block-image size-full is-style-default\"><img decoding=\"async\" src=\"https:\/\/acss.se\/inredning\/wp-content\/uploads\/Float-vs-Optiwhite-kvadrat.jpg\" alt=\"\" class=\"wp-image-1772\"\/><\/figure>\n<\/div>\n\n\n\n<div class=\"wp-block-column is-vertically-aligned-center is-layout-flow wp-block-column-is-layout-flow\">\n<p><strong>Standard float glas eller Optiwhite glas<\/strong><br>Att t\u00e4nka p\u00e5 \u00e4r att allt glas naturligt fr\u00e5n j\u00e4rnet i glaset inneh\u00e5ller en aningens gr\u00f6n ton, denna gr\u00f6na ton f\u00f6rst\u00e4rks n\u00e5got i kombination med vita eller ljusa f\u00e4rgfolier. Om detta inte \u00e4r \u00f6nskv\u00e4rt v\u00e4ljer man extra vitt glas, sk Optiwhite glas.<\/p>\n<\/div>\n<\/div>\n\n\n\n<h3 class=\"wp-block-heading\">BESLAG F\u00d6R SK\u00c4RMAR &amp; B\u00c5S<\/h3>\n\n\n\n<div class=\"wp-block-columns is-layout-flex wp-container-core-columns-is-layout-9d6595d7 wp-block-columns-is-layout-flex\">\n<div class=\"wp-block-column is-vertically-aligned-center is-layout-flow wp-block-column-is-layout-flow\" style=\"flex-basis:33.33%\">\n<p><strong>Gr\u00e5 eller svarta beslag<\/strong><br>Beslagen finns som standard i naturanodiserad aluminium (gr\u00e5) och som premium i svaranodiserad aluminium (svart)<\/p>\n<\/div>\n\n\n\n<div class=\"wp-block-column is-layout-flow wp-block-column-is-layout-flow\" style=\"flex-basis:66.66%\">\n<figure class=\"wp-block-image size-large is-style-default\"><img decoding=\"async\" src=\"https:\/\/acss.se\/inredning\/wp-content\/uploads\/Svarta-och-gra-beslag-1024x671.jpg\" alt=\"\" class=\"wp-image-2104\"\/><\/figure>\n<\/div>\n<\/div>\n\n\n\n<h3 class=\"wp-block-heading\">TILLBEH\u00d6R<\/h3>\n\n\n\n<div class=\"wp-block-columns is-layout-flex wp-container-core-columns-is-layout-9d6595d7 wp-block-columns-is-layout-flex\">\n<div class=\"wp-block-column is-layout-flow wp-block-column-is-layout-flow\" style=\"flex-basis:66.66%\">\n<figure class=\"wp-block-image size-large\"><img decoding=\"async\" src=\"https:\/\/acss.se\/inredning\/wp-content\/uploads\/Krokar-1-1024x674.jpg\" alt=\"\" class=\"wp-image-2254\"\/><\/figure>\n<\/div>\n\n\n\n<div class=\"wp-block-column is-vertically-aligned-center is-layout-flow wp-block-column-is-layout-flow\" style=\"flex-basis:33.33%\">\n<p><strong>Kl\u00e4dkrokar<\/strong><\/p>\n\n\n\n<p>Vi rekommenderar v\u00e5ra krokar som tejpas och limmas upp p\u00e5 glasen.<\/p>\n<\/div>\n<\/div>\n","protected":false},"excerpt":{"rendered":"<p>GLAS F\u00d6R SK\u00c4RMAR &amp; B\u00c5S Glaset som \u00e4r i dimensionen 5+5mm h\u00e4rdas och lamineras med en eller flera Vanceva folier. Folierna finns i klart, vitt med tre olika grader av &#8230;<\/p>\n","protected":false},"author":4,"featured_media":0,"parent":0,"menu_order":0,"comment_status":"closed","ping_status":"closed","template":"","meta":{"footnotes":""},"class_list":["post-1749","page","type-page","status-publish","hentry"],"yoast_head":"<!-- This site is optimized with the Yoast SEO plugin v27.5 - https:\/\/yoast.com\/product\/yoast-seo-wordpress\/ -->\n<title>UTF\u00d6RANDEN - ACSS Inredning - Duschb\u00e5s, Duschkabiner, Toalettb\u00e5s, Sk\u00e5p, B\u00e4nkar<\/title>\n<meta name=\"robots\" content=\"index, follow, max-snippet:-1, max-image-preview:large, max-video-preview:-1\" \/>\n<link rel=\"canonical\" href=\"https:\/\/acss.se\/inredning\/utforande\/\" \/>\n<meta property=\"og:locale\" content=\"sv_SE\" \/>\n<meta property=\"og:type\" content=\"article\" \/>\n<meta property=\"og:title\" content=\"UTF\u00d6RANDEN - ACSS Inredning - Duschb\u00e5s, Duschkabiner, Toalettb\u00e5s, Sk\u00e5p, B\u00e4nkar\" \/>\n<meta property=\"og:description\" content=\"GLAS F\u00d6R SK\u00c4RMAR &amp; B\u00c5S Glaset som \u00e4r i dimensionen 5+5mm h\u00e4rdas och lamineras med en eller flera Vanceva folier. Folierna finns i klart, vitt med tre olika grader av ...\" \/>\n<meta property=\"og:url\" content=\"https:\/\/acss.se\/inredning\/utforande\/\" \/>\n<meta property=\"og:site_name\" content=\"ACSS Inredning - Duschb\u00e5s, Duschkabiner, Toalettb\u00e5s, Sk\u00e5p, B\u00e4nkar\" \/>\n<meta property=\"article:modified_time\" content=\"2025-11-24T20:00:19+00:00\" \/>\n<meta name=\"twitter:card\" content=\"summary_large_image\" \/>\n<meta name=\"twitter:label1\" content=\"Ber\u00e4knad l\u00e4stid\" \/>\n\t<meta name=\"twitter:data1\" content=\"3 minuter\" \/>\n<script type=\"application\/ld+json\" class=\"yoast-schema-graph\">{\"@context\":\"https:\\\/\\\/schema.org\",\"@graph\":[{\"@type\":\"WebPage\",\"@id\":\"https:\\\/\\\/acss.se\\\/inredning\\\/utforande\\\/\",\"url\":\"https:\\\/\\\/acss.se\\\/inredning\\\/utforande\\\/\",\"name\":\"UTF\u00d6RANDEN - ACSS Inredning - Duschb\u00e5s, Duschkabiner, Toalettb\u00e5s, Sk\u00e5p, B\u00e4nkar\",\"isPartOf\":{\"@id\":\"https:\\\/\\\/acss.se\\\/inredning\\\/#website\"},\"primaryImageOfPage\":{\"@id\":\"https:\\\/\\\/acss.se\\\/inredning\\\/utforande\\\/#primaryimage\"},\"image\":{\"@id\":\"https:\\\/\\\/acss.se\\\/inredning\\\/utforande\\\/#primaryimage\"},\"thumbnailUrl\":\"https:\\\/\\\/acss.se\\\/inredning\\\/wp-content\\\/uploads\\\/Vanceva-vita-1-1024x581.jpg\",\"datePublished\":\"2022-12-30T13:24:20+00:00\",\"dateModified\":\"2025-11-24T20:00:19+00:00\",\"breadcrumb\":{\"@id\":\"https:\\\/\\\/acss.se\\\/inredning\\\/utforande\\\/#breadcrumb\"},\"inLanguage\":\"sv-SE\",\"potentialAction\":[{\"@type\":\"ReadAction\",\"target\":[\"https:\\\/\\\/acss.se\\\/inredning\\\/utforande\\\/\"]}]},{\"@type\":\"ImageObject\",\"inLanguage\":\"sv-SE\",\"@id\":\"https:\\\/\\\/acss.se\\\/inredning\\\/utforande\\\/#primaryimage\",\"url\":\"\",\"contentUrl\":\"\"},{\"@type\":\"BreadcrumbList\",\"@id\":\"https:\\\/\\\/acss.se\\\/inredning\\\/utforande\\\/#breadcrumb\",\"itemListElement\":[{\"@type\":\"ListItem\",\"position\":1,\"name\":\"Hem\",\"item\":\"https:\\\/\\\/acss.se\\\/inredning\\\/\"},{\"@type\":\"ListItem\",\"position\":2,\"name\":\"UTF\u00d6RANDEN\"}]},{\"@type\":\"WebSite\",\"@id\":\"https:\\\/\\\/acss.se\\\/inredning\\\/#website\",\"url\":\"https:\\\/\\\/acss.se\\\/inredning\\\/\",\"name\":\"ACSS Inredning\",\"description\":\"\",\"publisher\":{\"@id\":\"https:\\\/\\\/acss.se\\\/inredning\\\/#organization\"},\"potentialAction\":[{\"@type\":\"SearchAction\",\"target\":{\"@type\":\"EntryPoint\",\"urlTemplate\":\"https:\\\/\\\/acss.se\\\/inredning\\\/?s={search_term_string}\"},\"query-input\":{\"@type\":\"PropertyValueSpecification\",\"valueRequired\":true,\"valueName\":\"search_term_string\"}}],\"inLanguage\":\"sv-SE\"},{\"@type\":\"Organization\",\"@id\":\"https:\\\/\\\/acss.se\\\/inredning\\\/#organization\",\"name\":\"ACSS Inredning\",\"url\":\"https:\\\/\\\/acss.se\\\/inredning\\\/\",\"logo\":{\"@type\":\"ImageObject\",\"inLanguage\":\"sv-SE\",\"@id\":\"https:\\\/\\\/acss.se\\\/inredning\\\/#\\\/schema\\\/logo\\\/image\\\/\",\"url\":\"https:\\\/\\\/acss.se\\\/inredning\\\/wp-content\\\/uploads\\\/cropped-cropped-ACSS-jpeg-512x512-1-192x192-1.jpg\",\"contentUrl\":\"https:\\\/\\\/acss.se\\\/inredning\\\/wp-content\\\/uploads\\\/cropped-cropped-ACSS-jpeg-512x512-1-192x192-1.jpg\",\"width\":192,\"height\":76,\"caption\":\"ACSS Inredning\"},\"image\":{\"@id\":\"https:\\\/\\\/acss.se\\\/inredning\\\/#\\\/schema\\\/logo\\\/image\\\/\"}}]}<\/script>\n<!-- \/ Yoast SEO plugin. -->","yoast_head_json":{"title":"UTF\u00d6RANDEN - ACSS Inredning - Duschb\u00e5s, Duschkabiner, Toalettb\u00e5s, Sk\u00e5p, B\u00e4nkar","robots":{"index":"index","follow":"follow","max-snippet":"max-snippet:-1","max-image-preview":"max-image-preview:large","max-video-preview":"max-video-preview:-1"},"canonical":"https:\/\/acss.se\/inredning\/utforande\/","og_locale":"sv_SE","og_type":"article","og_title":"UTF\u00d6RANDEN - ACSS Inredning - Duschb\u00e5s, Duschkabiner, Toalettb\u00e5s, Sk\u00e5p, B\u00e4nkar","og_description":"GLAS F\u00d6R SK\u00c4RMAR &amp; B\u00c5S Glaset som \u00e4r i dimensionen 5+5mm h\u00e4rdas och lamineras med en eller flera Vanceva folier. Folierna finns i klart, vitt med tre olika grader av ...","og_url":"https:\/\/acss.se\/inredning\/utforande\/","og_site_name":"ACSS Inredning - Duschb\u00e5s, Duschkabiner, Toalettb\u00e5s, Sk\u00e5p, B\u00e4nkar","article_modified_time":"2025-11-24T20:00:19+00:00","twitter_card":"summary_large_image","twitter_misc":{"Ber\u00e4knad l\u00e4stid":"3 minuter"},"schema":{"@context":"https:\/\/schema.org","@graph":[{"@type":"WebPage","@id":"https:\/\/acss.se\/inredning\/utforande\/","url":"https:\/\/acss.se\/inredning\/utforande\/","name":"UTF\u00d6RANDEN - ACSS Inredning - Duschb\u00e5s, Duschkabiner, Toalettb\u00e5s, Sk\u00e5p, B\u00e4nkar","isPartOf":{"@id":"https:\/\/acss.se\/inredning\/#website"},"primaryImageOfPage":{"@id":"https:\/\/acss.se\/inredning\/utforande\/#primaryimage"},"image":{"@id":"https:\/\/acss.se\/inredning\/utforande\/#primaryimage"},"thumbnailUrl":"https:\/\/acss.se\/inredning\/wp-content\/uploads\/Vanceva-vita-1-1024x581.jpg","datePublished":"2022-12-30T13:24:20+00:00","dateModified":"2025-11-24T20:00:19+00:00","breadcrumb":{"@id":"https:\/\/acss.se\/inredning\/utforande\/#breadcrumb"},"inLanguage":"sv-SE","potentialAction":[{"@type":"ReadAction","target":["https:\/\/acss.se\/inredning\/utforande\/"]}]},{"@type":"ImageObject","inLanguage":"sv-SE","@id":"https:\/\/acss.se\/inredning\/utforande\/#primaryimage","url":"","contentUrl":""},{"@type":"BreadcrumbList","@id":"https:\/\/acss.se\/inredning\/utforande\/#breadcrumb","itemListElement":[{"@type":"ListItem","position":1,"name":"Hem","item":"https:\/\/acss.se\/inredning\/"},{"@type":"ListItem","position":2,"name":"UTF\u00d6RANDEN"}]},{"@type":"WebSite","@id":"https:\/\/acss.se\/inredning\/#website","url":"https:\/\/acss.se\/inredning\/","name":"ACSS Inredning","description":"","publisher":{"@id":"https:\/\/acss.se\/inredning\/#organization"},"potentialAction":[{"@type":"SearchAction","target":{"@type":"EntryPoint","urlTemplate":"https:\/\/acss.se\/inredning\/?s={search_term_string}"},"query-input":{"@type":"PropertyValueSpecification","valueRequired":true,"valueName":"search_term_string"}}],"inLanguage":"sv-SE"},{"@type":"Organization","@id":"https:\/\/acss.se\/inredning\/#organization","name":"ACSS Inredning","url":"https:\/\/acss.se\/inredning\/","logo":{"@type":"ImageObject","inLanguage":"sv-SE","@id":"https:\/\/acss.se\/inredning\/#\/schema\/logo\/image\/","url":"https:\/\/acss.se\/inredning\/wp-content\/uploads\/cropped-cropped-ACSS-jpeg-512x512-1-192x192-1.jpg","contentUrl":"https:\/\/acss.se\/inredning\/wp-content\/uploads\/cropped-cropped-ACSS-jpeg-512x512-1-192x192-1.jpg","width":192,"height":76,"caption":"ACSS Inredning"},"image":{"@id":"https:\/\/acss.se\/inredning\/#\/schema\/logo\/image\/"}}]}},"_links":{"self":[{"href":"https:\/\/acss.se\/inredning\/wp-json\/wp\/v2\/pages\/1749","targetHints":{"allow":["GET"]}}],"collection":[{"href":"https:\/\/acss.se\/inredning\/wp-json\/wp\/v2\/pages"}],"about":[{"href":"https:\/\/acss.se\/inredning\/wp-json\/wp\/v2\/types\/page"}],"author":[{"embeddable":true,"href":"https:\/\/acss.se\/inredning\/wp-json\/wp\/v2\/users\/4"}],"replies":[{"embeddable":true,"href":"https:\/\/acss.se\/inredning\/wp-json\/wp\/v2\/comments?post=1749"}],"version-history":[{"count":3,"href":"https:\/\/acss.se\/inredning\/wp-json\/wp\/v2\/pages\/1749\/revisions"}],"predecessor-version":[{"id":4526,"href":"https:\/\/acss.se\/inredning\/wp-json\/wp\/v2\/pages\/1749\/revisions\/4526"}],"wp:attachment":[{"href":"https:\/\/acss.se\/inredning\/wp-json\/wp\/v2\/media?parent=1749"}],"curies":[{"name":"wp","href":"https:\/\/api.w.org\/{rel}","templated":true}]}}