{"id":1414,"date":"2016-02-12T07:54:41","date_gmt":"2016-02-12T07:54:41","guid":{"rendered":"http:\/\/demos.famethemes.com\/onepress\/?page_id=4"},"modified":"2025-11-24T19:50:22","modified_gmt":"2025-11-24T19:50:22","slug":"home","status":"publish","type":"page","link":"https:\/\/acss.se\/inredning\/","title":{"rendered":"Home"},"content":{"rendered":"","protected":false},"excerpt":{"rendered":"<p>Fast inredning till bes\u00f6ksintensiva milj\u00f6er med krav p\u00e5 h\u00f6g funktionalitet och t\u00e5liga material f\u00f6r ett aktivt nyttjande och med en design som skall \u00f6ka attraktionen f\u00f6r anl\u00e4ggningen!<br \/>\nVi har levererat kvalitet och design sedan 2006<\/p>\n","protected":false},"author":2,"featured_media":0,"parent":0,"menu_order":0,"comment_status":"closed","ping_status":"closed","template":"template-frontpage.php","meta":{"footnotes":""},"class_list":["post-1414","page","type-page","status-publish","hentry"],"yoast_head":"<!-- This site is optimized with the Yoast SEO plugin v27.5 - https:\/\/yoast.com\/product\/yoast-seo-wordpress\/ -->\n<title>Home - ACSS Inredning - Duschb\u00e5s, Duschkabiner, Toalettb\u00e5s, Sk\u00e5p, B\u00e4nkar<\/title>\n<meta name=\"robots\" content=\"index, follow, max-snippet:-1, max-image-preview:large, max-video-preview:-1\" \/>\n<link rel=\"canonical\" href=\"https:\/\/acss.se\/inredning\/\" \/>\n<meta property=\"og:locale\" content=\"sv_SE\" \/>\n<meta property=\"og:type\" content=\"article\" \/>\n<meta property=\"og:title\" content=\"Home - ACSS Inredning - Duschb\u00e5s, Duschkabiner, Toalettb\u00e5s, Sk\u00e5p, B\u00e4nkar\" \/>\n<meta property=\"og:description\" content=\"Fast inredning till bes\u00f6ksintensiva milj\u00f6er med krav p\u00e5 h\u00f6g funktionalitet och t\u00e5liga material f\u00f6r ett aktivt nyttjande och med en design som skall \u00f6ka attraktionen f\u00f6r anl\u00e4ggningen! Vi har levererat kvalitet och design sedan 2006\" \/>\n<meta property=\"og:url\" content=\"https:\/\/acss.se\/inredning\/\" \/>\n<meta property=\"og:site_name\" content=\"ACSS Inredning - Duschb\u00e5s, Duschkabiner, Toalettb\u00e5s, Sk\u00e5p, B\u00e4nkar\" \/>\n<meta property=\"article:modified_time\" content=\"2025-11-24T19:50:22+00:00\" \/>\n<meta name=\"twitter:card\" content=\"summary_large_image\" \/>\n<script type=\"application\/ld+json\" class=\"yoast-schema-graph\">{\"@context\":\"https:\\\/\\\/schema.org\",\"@graph\":[{\"@type\":\"WebPage\",\"@id\":\"https:\\\/\\\/acss.se\\\/inredning\\\/\",\"url\":\"https:\\\/\\\/acss.se\\\/inredning\\\/\",\"name\":\"Home - ACSS Inredning - Duschb\u00e5s, Duschkabiner, Toalettb\u00e5s, Sk\u00e5p, B\u00e4nkar\",\"isPartOf\":{\"@id\":\"https:\\\/\\\/acss.se\\\/inredning\\\/#website\"},\"datePublished\":\"2016-02-12T07:54:41+00:00\",\"dateModified\":\"2025-11-24T19:50:22+00:00\",\"breadcrumb\":{\"@id\":\"https:\\\/\\\/acss.se\\\/inredning\\\/#breadcrumb\"},\"inLanguage\":\"sv-SE\",\"potentialAction\":[{\"@type\":\"ReadAction\",\"target\":[\"https:\\\/\\\/acss.se\\\/inredning\\\/\"]}]},{\"@type\":\"BreadcrumbList\",\"@id\":\"https:\\\/\\\/acss.se\\\/inredning\\\/#breadcrumb\",\"itemListElement\":[{\"@type\":\"ListItem\",\"position\":1,\"name\":\"Hem\",\"item\":\"https:\\\/\\\/acss.se\\\/inredning\\\/\"},{\"@type\":\"ListItem\",\"position\":2,\"name\":\"Home\"}]},{\"@type\":\"WebSite\",\"@id\":\"https:\\\/\\\/acss.se\\\/inredning\\\/#website\",\"url\":\"https:\\\/\\\/acss.se\\\/inredning\\\/\",\"name\":\"ACSS Inredning\",\"description\":\"\",\"publisher\":{\"@id\":\"https:\\\/\\\/acss.se\\\/inredning\\\/#organization\"},\"potentialAction\":[{\"@type\":\"SearchAction\",\"target\":{\"@type\":\"EntryPoint\",\"urlTemplate\":\"https:\\\/\\\/acss.se\\\/inredning\\\/?s={search_term_string}\"},\"query-input\":{\"@type\":\"PropertyValueSpecification\",\"valueRequired\":true,\"valueName\":\"search_term_string\"}}],\"inLanguage\":\"sv-SE\"},{\"@type\":\"Organization\",\"@id\":\"https:\\\/\\\/acss.se\\\/inredning\\\/#organization\",\"name\":\"ACSS Inredning\",\"url\":\"https:\\\/\\\/acss.se\\\/inredning\\\/\",\"logo\":{\"@type\":\"ImageObject\",\"inLanguage\":\"sv-SE\",\"@id\":\"https:\\\/\\\/acss.se\\\/inredning\\\/#\\\/schema\\\/logo\\\/image\\\/\",\"url\":\"https:\\\/\\\/acss.se\\\/inredning\\\/wp-content\\\/uploads\\\/cropped-cropped-ACSS-jpeg-512x512-1-192x192-1.jpg\",\"contentUrl\":\"https:\\\/\\\/acss.se\\\/inredning\\\/wp-content\\\/uploads\\\/cropped-cropped-ACSS-jpeg-512x512-1-192x192-1.jpg\",\"width\":192,\"height\":76,\"caption\":\"ACSS Inredning\"},\"image\":{\"@id\":\"https:\\\/\\\/acss.se\\\/inredning\\\/#\\\/schema\\\/logo\\\/image\\\/\"}}]}<\/script>\n<!-- \/ Yoast SEO plugin. -->","yoast_head_json":{"title":"Home - ACSS Inredning - Duschb\u00e5s, Duschkabiner, Toalettb\u00e5s, Sk\u00e5p, B\u00e4nkar","robots":{"index":"index","follow":"follow","max-snippet":"max-snippet:-1","max-image-preview":"max-image-preview:large","max-video-preview":"max-video-preview:-1"},"canonical":"https:\/\/acss.se\/inredning\/","og_locale":"sv_SE","og_type":"article","og_title":"Home - ACSS Inredning - Duschb\u00e5s, Duschkabiner, Toalettb\u00e5s, Sk\u00e5p, B\u00e4nkar","og_description":"Fast inredning till bes\u00f6ksintensiva milj\u00f6er med krav p\u00e5 h\u00f6g funktionalitet och t\u00e5liga material f\u00f6r ett aktivt nyttjande och med en design som skall \u00f6ka attraktionen f\u00f6r anl\u00e4ggningen! Vi har levererat kvalitet och design sedan 2006","og_url":"https:\/\/acss.se\/inredning\/","og_site_name":"ACSS Inredning - Duschb\u00e5s, Duschkabiner, Toalettb\u00e5s, Sk\u00e5p, B\u00e4nkar","article_modified_time":"2025-11-24T19:50:22+00:00","twitter_card":"summary_large_image","schema":{"@context":"https:\/\/schema.org","@graph":[{"@type":"WebPage","@id":"https:\/\/acss.se\/inredning\/","url":"https:\/\/acss.se\/inredning\/","name":"Home - ACSS Inredning - Duschb\u00e5s, Duschkabiner, Toalettb\u00e5s, Sk\u00e5p, B\u00e4nkar","isPartOf":{"@id":"https:\/\/acss.se\/inredning\/#website"},"datePublished":"2016-02-12T07:54:41+00:00","dateModified":"2025-11-24T19:50:22+00:00","breadcrumb":{"@id":"https:\/\/acss.se\/inredning\/#breadcrumb"},"inLanguage":"sv-SE","potentialAction":[{"@type":"ReadAction","target":["https:\/\/acss.se\/inredning\/"]}]},{"@type":"BreadcrumbList","@id":"https:\/\/acss.se\/inredning\/#breadcrumb","itemListElement":[{"@type":"ListItem","position":1,"name":"Hem","item":"https:\/\/acss.se\/inredning\/"},{"@type":"ListItem","position":2,"name":"Home"}]},{"@type":"WebSite","@id":"https:\/\/acss.se\/inredning\/#website","url":"https:\/\/acss.se\/inredning\/","name":"ACSS Inredning","description":"","publisher":{"@id":"https:\/\/acss.se\/inredning\/#organization"},"potentialAction":[{"@type":"SearchAction","target":{"@type":"EntryPoint","urlTemplate":"https:\/\/acss.se\/inredning\/?s={search_term_string}"},"query-input":{"@type":"PropertyValueSpecification","valueRequired":true,"valueName":"search_term_string"}}],"inLanguage":"sv-SE"},{"@type":"Organization","@id":"https:\/\/acss.se\/inredning\/#organization","name":"ACSS Inredning","url":"https:\/\/acss.se\/inredning\/","logo":{"@type":"ImageObject","inLanguage":"sv-SE","@id":"https:\/\/acss.se\/inredning\/#\/schema\/logo\/image\/","url":"https:\/\/acss.se\/inredning\/wp-content\/uploads\/cropped-cropped-ACSS-jpeg-512x512-1-192x192-1.jpg","contentUrl":"https:\/\/acss.se\/inredning\/wp-content\/uploads\/cropped-cropped-ACSS-jpeg-512x512-1-192x192-1.jpg","width":192,"height":76,"caption":"ACSS Inredning"},"image":{"@id":"https:\/\/acss.se\/inredning\/#\/schema\/logo\/image\/"}}]}},"_links":{"self":[{"href":"https:\/\/acss.se\/inredning\/wp-json\/wp\/v2\/pages\/1414","targetHints":{"allow":["GET"]}}],"collection":[{"href":"https:\/\/acss.se\/inredning\/wp-json\/wp\/v2\/pages"}],"about":[{"href":"https:\/\/acss.se\/inredning\/wp-json\/wp\/v2\/types\/page"}],"author":[{"embeddable":true,"href":"https:\/\/acss.se\/inredning\/wp-json\/wp\/v2\/users\/2"}],"replies":[{"embeddable":true,"href":"https:\/\/acss.se\/inredning\/wp-json\/wp\/v2\/comments?post=1414"}],"version-history":[{"count":1,"href":"https:\/\/acss.se\/inredning\/wp-json\/wp\/v2\/pages\/1414\/revisions"}],"predecessor-version":[{"id":4076,"href":"https:\/\/acss.se\/inredning\/wp-json\/wp\/v2\/pages\/1414\/revisions\/4076"}],"wp:attachment":[{"href":"https:\/\/acss.se\/inredning\/wp-json\/wp\/v2\/media?parent=1414"}],"curies":[{"name":"wp","href":"https:\/\/api.w.org\/{rel}","templated":true}]}}